{"id":143,"date":"2014-01-05T13:46:14","date_gmt":"2014-01-05T13:46:14","guid":{"rendered":"http:\/\/www.krubrgroup.cz\/?page_id=143"},"modified":"2014-01-05T13:46:14","modified_gmt":"2014-01-05T13:46:14","slug":"zemni-prace","status":"publish","type":"page","link":"http:\/\/www.krubrgroup.cz\/?page_id=143","title":{"rendered":"Zemn\u00ed pr\u00e1ce"},"content":{"rendered":"<p>Nab\u00edz\u00edme realizaci <strong>zemn\u00edch prac\u00ed a demolic\u00ed<\/strong> v\u010detn\u011b <strong>likvidace nebezpe\u010dn\u00e9ho a kontaminovan\u00e9ho<\/strong> materi\u00e1lu (azbest, atd.)<\/p>\n<p>Zaji\u0161\u0165ujeme pr\u00e1ce t\u011bmito stroji v\u00fdrobce CATERPILLAR<\/p>\n<ul>\n<li>CAT 330C (p\u00e1sov\u00e9 rypadlo)<\/li>\n<li>CAT 330D (demoli\u010dn\u00ed p\u00e1sov\u00e9 rypadlo)<\/li>\n<li>CAT D8R (buldozer)<\/li>\n<li>v\u00e1lce, traktorbagry, minirypadla, kolov\u00e9 naklada\u010de, atd.<\/li>\n<\/ul>\n<p>&nbsp;<\/p>\n<p>S ka\u017ed\u00fdm na\u0161\u00edm klientem jedn\u00e1me individu\u00e1ln\u011b, abychom mu nab\u00eddli co\u00a0<strong>nejv\u00fdhodn\u011bj\u0161\u00ed podm\u00ednky<\/strong>\u00a0.<\/p>\n","protected":false},"excerpt":{"rendered":"<p>Nab\u00edz\u00edme realizaci zemn\u00edch prac\u00ed a demolic\u00ed v\u010detn\u011b likvidace nebezpe\u010dn\u00e9ho a kontaminovan\u00e9ho materi\u00e1lu (azbest, atd.) Zaji\u0161\u0165ujeme pr\u00e1ce t\u011bmito stroji v\u00fdrobce CATERPILLAR CAT 330C (p\u00e1sov\u00e9 rypadlo) CAT 330D (demoli\u010dn\u00ed p\u00e1sov\u00e9 rypadlo) CAT D8R (buldozer) v\u00e1lce, traktorbagry, minirypadla, kolov\u00e9 naklada\u010de, atd. &nbsp; S ka\u017ed\u00fdm na\u0161\u00edm klientem jedn\u00e1me individu\u00e1ln\u011b, abychom mu nab\u00eddli co\u00a0nejv\u00fdhodn\u011bj\u0161\u00ed podm\u00ednky\u00a0.<\/p>\n","protected":false},"author":2,"featured_media":0,"parent":0,"menu_order":0,"comment_status":"open","ping_status":"open","template":"","meta":{"ngg_post_thumbnail":0},"_links":{"self":[{"href":"http:\/\/www.krubrgroup.cz\/index.php?rest_route=\/wp\/v2\/pages\/143"}],"collection":[{"href":"http:\/\/www.krubrgroup.cz\/index.php?rest_route=\/wp\/v2\/pages"}],"about":[{"href":"http:\/\/www.krubrgroup.cz\/index.php?rest_route=\/wp\/v2\/types\/page"}],"author":[{"embeddable":true,"href":"http:\/\/www.krubrgroup.cz\/index.php?rest_route=\/wp\/v2\/users\/2"}],"replies":[{"embeddable":true,"href":"http:\/\/www.krubrgroup.cz\/index.php?rest_route=%2Fwp%2Fv2%2Fcomments&post=143"}],"version-history":[{"count":2,"href":"http:\/\/www.krubrgroup.cz\/index.php?rest_route=\/wp\/v2\/pages\/143\/revisions"}],"predecessor-version":[{"id":147,"href":"http:\/\/www.krubrgroup.cz\/index.php?rest_route=\/wp\/v2\/pages\/143\/revisions\/147"}],"wp:attachment":[{"href":"http:\/\/www.krubrgroup.cz\/index.php?rest_route=%2Fwp%2Fv2%2Fmedia&parent=143"}],"curies":[{"name":"wp","href":"https:\/\/api.w.org\/{rel}","templated":true}]}}