{"id":8,"date":"2012-11-05T15:36:52","date_gmt":"2012-11-05T15:36:52","guid":{"rendered":"http:\/\/www.krubrgroup.cz\/?page_id=8"},"modified":"2018-12-07T14:13:37","modified_gmt":"2018-12-07T14:13:37","slug":"uvodni-stranka","status":"publish","type":"page","link":"http:\/\/www.krubrgroup.cz\/","title":{"rendered":"\u00davodn\u00ed str\u00e1nka"},"content":{"rendered":"<h1><span style=\"text-decoration: underline;\"><strong>KRUBR GROUP s.r.o.<\/strong><\/span><\/h1>\n<p>V\u00edt\u00e1me V\u00e1s na webu spole\u010dnosti KRUBR GROUP s.r.o.<\/p>\n<p>Spole\u010dnost se ji\u017e \u0159adu let \u00fasp\u011b\u0161n\u011b zab\u00fdv\u00e1 <strong>n\u00e1kladn\u00ed autodopravou<\/strong> se skl\u00e1p\u011bc\u00edmi n\u00e1v\u011bsy a <strong>zemn\u00edmi &nbsp;pracemi&nbsp;<\/strong>&nbsp;.<\/p>\n<p>Nab\u00edz\u00edme autodopravu a zemn\u00ed pr\u00e1ce &nbsp;<strong>v Praze a&nbsp;\u010cR<\/strong>. P\u0159eprav\u00edme<strong> stavebn\u00ed materi\u00e1ly, sypk\u00fd materi\u00e1l, zem\u011bd\u011blsk\u00e9 produkty, zaji\u0161\u0165ujeme odvoz sut\u011b, v\u00fdkopov\u00e9 a demoli\u010dn\u00ed pr\u00e1ce.<\/strong><\/p>\n<p>Pou\u017e\u00edv\u00e1me kvalitn\u00ed <strong>n\u00e1kladn\u00ed automobily zna\u010dky MAN<\/strong> se skl\u00e1p\u011bc\u00edmi n\u00e1v\u011bsy, stroje zna\u010dky<strong> &nbsp;CATERPILLAR.&nbsp;<\/strong><\/p>\n","protected":false},"excerpt":{"rendered":"<p>KRUBR GROUP s.r.o. V\u00edt\u00e1me V\u00e1s na webu spole\u010dnosti KRUBR GROUP s.r.o. Spole\u010dnost se ji\u017e \u0159adu let \u00fasp\u011b\u0161n\u011b zab\u00fdv\u00e1 n\u00e1kladn\u00ed autodopravou se skl\u00e1p\u011bc\u00edmi n\u00e1v\u011bsy a zemn\u00edmi &nbsp;pracemi&nbsp;&nbsp;. Nab\u00edz\u00edme autodopravu a zemn\u00ed pr\u00e1ce &nbsp;v Praze a&nbsp;\u010cR. P\u0159eprav\u00edme stavebn\u00ed materi\u00e1ly, sypk\u00fd materi\u00e1l, zem\u011bd\u011blsk\u00e9 produkty, zaji\u0161\u0165ujeme odvoz sut\u011b, v\u00fdkopov\u00e9 a demoli\u010dn\u00ed pr\u00e1ce. Pou\u017e\u00edv\u00e1me kvalitn\u00ed n\u00e1kladn\u00ed automobily zna\u010dky MAN se &hellip; <\/p>\n<p><a class=\"more-link btn\" href=\"http:\/\/www.krubrgroup.cz\/\">Continue reading<\/a><\/p>\n","protected":false},"author":2,"featured_media":0,"parent":0,"menu_order":0,"comment_status":"open","ping_status":"open","template":"","meta":{"ngg_post_thumbnail":0},"_links":{"self":[{"href":"http:\/\/www.krubrgroup.cz\/index.php?rest_route=\/wp\/v2\/pages\/8"}],"collection":[{"href":"http:\/\/www.krubrgroup.cz\/index.php?rest_route=\/wp\/v2\/pages"}],"about":[{"href":"http:\/\/www.krubrgroup.cz\/index.php?rest_route=\/wp\/v2\/types\/page"}],"author":[{"embeddable":true,"href":"http:\/\/www.krubrgroup.cz\/index.php?rest_route=\/wp\/v2\/users\/2"}],"replies":[{"embeddable":true,"href":"http:\/\/www.krubrgroup.cz\/index.php?rest_route=%2Fwp%2Fv2%2Fcomments&post=8"}],"version-history":[{"count":12,"href":"http:\/\/www.krubrgroup.cz\/index.php?rest_route=\/wp\/v2\/pages\/8\/revisions"}],"predecessor-version":[{"id":201,"href":"http:\/\/www.krubrgroup.cz\/index.php?rest_route=\/wp\/v2\/pages\/8\/revisions\/201"}],"wp:attachment":[{"href":"http:\/\/www.krubrgroup.cz\/index.php?rest_route=%2Fwp%2Fv2%2Fmedia&parent=8"}],"curies":[{"name":"wp","href":"https:\/\/api.w.org\/{rel}","templated":true}]}}